{"id":19899,"date":"2026-05-04T10:56:57","date_gmt":"2026-05-04T09:56:57","guid":{"rendered":"https:\/\/www.sunflux.dk\/?post_type=product&#038;p=19899"},"modified":"2026-05-04T11:10:57","modified_gmt":"2026-05-04T10:10:57","slug":"645-cm-forlangningsstycke-med-utskarning-for-flera-material","status":"publish","type":"product","link":"https:\/\/www.sunflux.dk\/sv\/hus-have\/skraldespandskjuler\/645-cm-tillaegsstykke-med-udskaering-i-flere-materialer","title":{"rendered":"64,5 cm Till\u00e4ggsdel med utsk\u00e4rning f\u00f6r flera material"},"content":{"rendered":"<div>\n<h2>64,5 cm Till\u00e4ggsdel med utsk\u00e4rning f\u00f6r flera material<\/h2>\n<\/div>\n<p>G\u00f6r din avfallsl\u00f6sning \u00e4nnu mer flexibel med en 64,5 cm l\u00e5ng till\u00e4ggsmodul med utsk\u00e4rning, utformad f\u00f6r v\u00e5ra sops\u00e4ckar. Modulen \u00e4r tillverkad av 2 mm tjockt st\u00e5l, vilket ger h\u00f6g h\u00e5llfasthet och h\u00e5llbarhet. Med den h\u00e4r till\u00e4ggsdelen kan du enkelt ut\u00f6ka din nuvarande l\u00f6sning f\u00f6r att f\u00e5 plats med fler k\u00e4rl eller skapa ett enhetligt och snyggt utseende i tr\u00e4dg\u00e5rden eller p\u00e5 uppfarten.<\/p>\n<div>\n<h3>Slitstarka material<\/h3>\n<\/div>\n<p>V\u00e4lj till\u00e4ggsstycket med en utsk\u00e4rning i n\u00e5got av f\u00f6ljande exklusiva material:<\/p>\n<div>\n<ul>\n<li><strong>Cortenst\u00e5l<\/strong>: Ger ett rustikt och modernt utseende som utvecklar en vacker, naturlig patina med tiden.<\/li>\n<li><strong>Varmf\u00f6rzinkat st\u00e5l<\/strong>: En klassisk l\u00f6sning med l\u00e5ng livsl\u00e4ngd och minimalt underh\u00e5ll.<\/li>\n<li><strong>Svartlackerat st\u00e5l<\/strong>: En elegant och tidl\u00f6s design, perfekt f\u00f6r det moderna hemmet.<\/li>\n<\/ul>\n<\/div>\n<p>Oavsett vilket material du v\u00e4ljer f\u00e5r du en robust och v\u00e4derbest\u00e4ndig l\u00f6sning som kan st\u00e5 ute \u00e5ret runt utan att f\u00f6rlora sitt vackra utseende.<\/p>\n<div>\n<h3>Praktisk och estetisk l\u00f6sning<\/h3>\n<\/div>\n<p>En till\u00e4ggsdel till din sops\u00e4ck \u00e4r praktisk, flexibel och estetisk. Den hj\u00e4lper till att h\u00e5lla soptunnorna dolda samtidigt som den skapar en snygg och harmonisk helhet i ditt hem.<\/p>","protected":false},"excerpt":{"rendered":"<p>F\u00f6rl\u00e4ng din avfallsl\u00f6sning med en 64,5 cm l\u00e5ng f\u00f6rl\u00e4ngningsdel med utsk\u00e4rning f\u00f6r sops\u00e4cken, tillverkad av 2 mm tjockt st\u00e5l f\u00f6r extra styrka och h\u00e5llbarhet. V\u00e4lj mellan tre exklusiva material f\u00f6r en praktisk, flexibel och estetisk l\u00f6sning som d\u00f6ljer avfallsbeh\u00e5llare och skapar en harmonisk utomhusmilj\u00f6.<\/p>","protected":false},"featured_media":19903,"comment_status":"open","ping_status":"closed","template":"","meta":{"_acf_changed":false},"product_brand":[],"product_cat":[1614],"product_tag":[],"class_list":{"0":"post-19899","1":"product","2":"type-product","3":"status-publish","4":"has-post-thumbnail","6":"product_cat-skraldespandskjuler","8":"entry","9":"has-media","11":"first","12":"instock","13":"taxable","14":"shipping-taxable","15":"purchasable","16":"product-type-variable","17":"has-product-nav","18":"col","19":"span_1_of_4","20":"owp-content-center","21":"owp-thumbs-layout-horizontal","22":"owp-btn-normal","23":"owp-tabs-layout-horizontal"},"acf":[],"_links":{"self":[{"href":"https:\/\/www.sunflux.dk\/sv\/wp-json\/wp\/v2\/product\/19899","targetHints":{"allow":["GET"]}}],"collection":[{"href":"https:\/\/www.sunflux.dk\/sv\/wp-json\/wp\/v2\/product"}],"about":[{"href":"https:\/\/www.sunflux.dk\/sv\/wp-json\/wp\/v2\/types\/product"}],"replies":[{"embeddable":true,"href":"https:\/\/www.sunflux.dk\/sv\/wp-json\/wp\/v2\/comments?post=19899"}],"version-history":[{"count":0,"href":"https:\/\/www.sunflux.dk\/sv\/wp-json\/wp\/v2\/product\/19899\/revisions"}],"wp:featuredmedia":[{"embeddable":true,"href":"https:\/\/www.sunflux.dk\/sv\/wp-json\/wp\/v2\/media\/19903"}],"wp:attachment":[{"href":"https:\/\/www.sunflux.dk\/sv\/wp-json\/wp\/v2\/media?parent=19899"}],"wp:term":[{"taxonomy":"product_brand","embeddable":true,"href":"https:\/\/www.sunflux.dk\/sv\/wp-json\/wp\/v2\/product_brand?post=19899"},{"taxonomy":"product_cat","embeddable":true,"href":"https:\/\/www.sunflux.dk\/sv\/wp-json\/wp\/v2\/product_cat?post=19899"},{"taxonomy":"product_tag","embeddable":true,"href":"https:\/\/www.sunflux.dk\/sv\/wp-json\/wp\/v2\/product_tag?post=19899"}],"curies":[{"name":"wp","href":"https:\/\/api.w.org\/{rel}","templated":true}]}}