{"id":19908,"date":"2026-05-04T11:17:27","date_gmt":"2026-05-04T10:17:27","guid":{"rendered":"https:\/\/www.sunflux.dk\/?post_type=product&#038;p=19908"},"modified":"2026-05-04T11:30:48","modified_gmt":"2026-05-04T10:30:48","slug":"645-cm-forlangningsdel-i-flera-olika-material","status":"publish","type":"product","link":"https:\/\/www.sunflux.dk\/sv\/hus-have\/skraldespandskjuler\/645-cm-tillaegsstykke-i-flere-materialer","title":{"rendered":"64,5 cm Till\u00e4ggsdel i flera material"},"content":{"rendered":"<p>G\u00f6r din avfallsl\u00f6sning \u00e4nnu mer flexibel med en 64,5 cm l\u00e5ng f\u00f6rl\u00e4ngningsdel till v\u00e5r sops\u00e4ck. Den h\u00e4r modulen \u00e4r utformad f\u00f6r att enkelt f\u00f6rl\u00e4nga din befintliga l\u00f6sning och ge plats f\u00f6r fler k\u00e4rl eller skapa ett enhetligt, snyggt utseende i tr\u00e4dg\u00e5rden eller p\u00e5 uppfarten.<\/p>\n<div>\n<h3>Slitstarka material f\u00f6r alla smaker<\/h3>\n<\/div>\n<p>Du kan v\u00e4lja f\u00f6rl\u00e4ngningsstycket i tre exklusiva material:<\/p>\n<div>\n<ul>\n<li><strong>Cortenst\u00e5l<\/strong>: Ger ett rustikt och modernt utseende som utvecklar en vacker, naturlig patina med tiden.<\/li>\n<li><strong>Varmf\u00f6rzinkat st\u00e5l<\/strong>: En klassisk l\u00f6sning med l\u00e5ng livsl\u00e4ngd och minimalt underh\u00e5ll.<\/li>\n<li><strong>Svartlackerat st\u00e5l<\/strong>: En elegant och tidl\u00f6s design, perfekt f\u00f6r det moderna hemmet.<\/li>\n<\/ul>\n<\/div>\n<p>Oavsett vilket material du v\u00e4ljer f\u00e5r du en robust och v\u00e4derbest\u00e4ndig l\u00f6sning som kan st\u00e5 ute \u00e5ret runt utan att f\u00f6rlora sitt vackra utseende.<\/p>\n<div>\n<h3>Praktisk och estetisk l\u00f6sning<\/h3>\n<\/div>\n<p>En till\u00e4ggsdel till din sops\u00e4ck \u00e4r praktisk, flexibel och estetisk. Den hj\u00e4lper till att h\u00e5lla soptunnorna dolda samtidigt som den skapar en snygg och harmonisk helhet i ditt hem.<\/p>","protected":false},"excerpt":{"rendered":"<p>Ut\u00f6ka din avfallsl\u00f6sning med en 64,5 cm l\u00e5ng f\u00f6rl\u00e4ngningsdel f\u00f6r soptunnan, som finns i tre h\u00e5llbara material: cortenst\u00e5l, varmf\u00f6rzinkat st\u00e5l och svartlackerat st\u00e5l. Denna flexibla och estetiska l\u00f6sning d\u00f6ljer avfallsbeh\u00e5llare samtidigt som den skapar en elegant look i din utomhusmilj\u00f6.<\/p>","protected":false},"featured_media":19913,"comment_status":"open","ping_status":"closed","template":"","meta":{"_acf_changed":false},"product_brand":[],"product_cat":[1614],"product_tag":[],"class_list":{"0":"post-19908","1":"product","2":"type-product","3":"status-publish","4":"has-post-thumbnail","6":"product_cat-skraldespandskjuler","8":"entry","9":"has-media","11":"first","12":"instock","13":"taxable","14":"shipping-taxable","15":"purchasable","16":"product-type-variable","17":"has-product-nav","18":"col","19":"span_1_of_4","20":"owp-content-center","21":"owp-thumbs-layout-horizontal","22":"owp-btn-normal","23":"owp-tabs-layout-horizontal"},"acf":[],"_links":{"self":[{"href":"https:\/\/www.sunflux.dk\/sv\/wp-json\/wp\/v2\/product\/19908","targetHints":{"allow":["GET"]}}],"collection":[{"href":"https:\/\/www.sunflux.dk\/sv\/wp-json\/wp\/v2\/product"}],"about":[{"href":"https:\/\/www.sunflux.dk\/sv\/wp-json\/wp\/v2\/types\/product"}],"replies":[{"embeddable":true,"href":"https:\/\/www.sunflux.dk\/sv\/wp-json\/wp\/v2\/comments?post=19908"}],"version-history":[{"count":0,"href":"https:\/\/www.sunflux.dk\/sv\/wp-json\/wp\/v2\/product\/19908\/revisions"}],"wp:featuredmedia":[{"embeddable":true,"href":"https:\/\/www.sunflux.dk\/sv\/wp-json\/wp\/v2\/media\/19913"}],"wp:attachment":[{"href":"https:\/\/www.sunflux.dk\/sv\/wp-json\/wp\/v2\/media?parent=19908"}],"wp:term":[{"taxonomy":"product_brand","embeddable":true,"href":"https:\/\/www.sunflux.dk\/sv\/wp-json\/wp\/v2\/product_brand?post=19908"},{"taxonomy":"product_cat","embeddable":true,"href":"https:\/\/www.sunflux.dk\/sv\/wp-json\/wp\/v2\/product_cat?post=19908"},{"taxonomy":"product_tag","embeddable":true,"href":"https:\/\/www.sunflux.dk\/sv\/wp-json\/wp\/v2\/product_tag?post=19908"}],"curies":[{"name":"wp","href":"https:\/\/api.w.org\/{rel}","templated":true}]}}