{"id":19918,"date":"2026-05-04T12:34:34","date_gmt":"2026-05-04T11:34:34","guid":{"rendered":"https:\/\/www.sunflux.dk\/?post_type=product&#038;p=19918"},"modified":"2026-05-06T10:50:19","modified_gmt":"2026-05-06T09:50:19","slug":"soptunna-av-metall-flera-varianter","status":"publish","type":"product","link":"https:\/\/www.sunflux.dk\/sv\/hus-have\/plantekasser-til-have-og-terrassen\/skraldespandsskjuler-i-metal-flere-varianter","title":{"rendered":"Corten planteringsk\u00e4rl i 5mm st\u00e5lpl\u00e5t, 120x40x40cm"},"content":{"rendered":"<h1 id=\"headline-9-975\" class=\"ct-headline single-product-title\"><span id=\"span-10-975\" class=\"ct-span\">Corten planteringsk\u00e4rl i 5mm st\u00e5lpl\u00e5t, 120x40x40cm<\/span><\/h1>\n<p data-start=\"2642\" data-end=\"2810\">Denna planteringsl\u00e5da i\u00a0<strong>5 mm massivt Corten-st\u00e5l<\/strong>\u00a0\u00e4r\u00a0<strong>Tillverkad i Danmark<\/strong>\u00a0och utformad f\u00f6r dem som vill ha en arkitektonisk, robust och h\u00e5llbar l\u00f6sning f\u00f6r sitt utomhusutrymme.<\/p>\n<p data-start=\"2812\" data-end=\"2959\">Cortenst\u00e5lets naturliga rostpatina skapar ett varmt och exklusivt utseende samtidigt som den skyddar st\u00e5let och ger det en extrem h\u00e5llbarhet.<\/p>\n<h2 data-start=\"2966\" data-end=\"2993\">Dansktillverkad kvalitet<\/h2>\n<h3 data-start=\"2995\" data-end=\"3020\">Tillverkad i Danmark<\/h3>\n<p data-start=\"3022\" data-end=\"3094\">Anl\u00e4ggningsbass\u00e4ngen tillverkas i Danmark av en dansk fabrik, vilket garanterar:<\/p>\n<ul>\n<li data-start=\"3098\" data-end=\"3123\">H\u00f6g precision och finish<\/li>\n<li data-start=\"3126\" data-end=\"3156\">Starka och h\u00e5llbara fogar<\/li>\n<li data-start=\"3159\" data-end=\"3178\">Konsekvent kvalitet<\/li>\n<li data-start=\"3181\" data-end=\"3212\">Lokal och ansvarsfull produktion<\/li>\n<\/ul>\n<p data-start=\"3214\" data-end=\"3273\">Detta resulterar i en produkt som \u00e4r utformad f\u00f6r att anv\u00e4ndas under m\u00e5nga \u00e5r.<\/p>\n<h2 data-start=\"3280\" data-end=\"3320\">Robust konstruktion och tidl\u00f6s design<\/h2>\n<h3 data-start=\"3322\" data-end=\"3350\">5 mm massivt cortenst\u00e5l<\/h3>\n<p data-start=\"3352\" data-end=\"3511\">Den kraftiga st\u00e5lkonstruktionen ger maximal styrka och stabilitet. Corten-st\u00e5l \u00e4r k\u00e4nt f\u00f6r sin f\u00f6rm\u00e5ga att st\u00e5 emot v\u00e4der och vind utan behov av underh\u00e5ll.<\/p>\n<p data-start=\"3513\" data-end=\"3613\">Materialet utvecklar en naturligt skyddande patina som ocks\u00e5 ger ett exklusivt visuellt uttryck.<\/p>\n<h3 data-start=\"3615\" data-end=\"3652\">Arkitektoniskt och naturligt uttryck<\/h3>\n<p data-start=\"3654\" data-end=\"3741\">Planteringsk\u00e4rlet fungerar b\u00e5de som v\u00e4xtbeh\u00e5llare och designelement och passar perfekt in i inredningen:<\/p>\n<ul>\n<li data-start=\"3745\" data-end=\"3760\">Moderna tr\u00e4dg\u00e5rdar<\/li>\n<li data-start=\"3763\" data-end=\"3786\">Minimalistiska utomhusutrymmen<\/li>\n<li data-start=\"3789\" data-end=\"3800\">Innerg\u00e5rdar<\/li>\n<li data-start=\"3803\" data-end=\"3838\">Professionella landskapsprojekt<\/li>\n<\/ul>\n<h2 data-start=\"3845\" data-end=\"3882\">Funktionell och rymlig planteringsk\u00e4rl<\/h2>\n<p data-start=\"3884\" data-end=\"3925\">Storleken g\u00f6r att planteringen \u00e4r l\u00e4mplig f\u00f6r:<\/p>\n<ul>\n<li data-start=\"3929\" data-end=\"3939\">Blommor<\/li>\n<li data-start=\"3942\" data-end=\"3955\">Prydnadsgr\u00e4s<\/li>\n<li data-start=\"3958\" data-end=\"3965\">Buskar<\/li>\n<li data-start=\"3968\" data-end=\"3982\">\u00d6rter och kryddor<\/li>\n<li data-start=\"3985\" data-end=\"3999\">Mindre tr\u00e4d<\/li>\n<\/ul>\n<p data-start=\"4001\" data-end=\"4063\">Den solida konstruktionen garanterar stabilitet och optimal funktion.<\/p>\n<h2 data-start=\"2327\" data-end=\"2345\">Tekniska data<\/h2>\n<div class=\"TyagGW_tableContainer\">\n<div class=\"group TyagGW_tableWrapper flex flex-col-reverse w-fit\" tabindex=\"-1\">\n<table class=\"w-fit min-w-(--thread-content-width)\" width=\"912\" data-start=\"2347\" data-end=\"2664\">\n<thead data-start=\"2347\" data-end=\"2375\">\n<tr data-start=\"2347\" data-end=\"2375\">\n<th class=\"\" data-start=\"2347\" data-end=\"2363\" data-col-size=\"sm\"><strong>Specifikation<\/strong><\/th>\n<th class=\"\" data-start=\"2363\" data-end=\"2375\" data-col-size=\"sm\"><strong>Mer information<\/strong><\/th>\n<\/tr>\n<\/thead>\n<tbody data-start=\"2386\" data-end=\"2664\">\n<tr data-start=\"2386\" data-end=\"2405\">\n<td data-start=\"2386\" data-end=\"2395\" data-col-size=\"sm\">L\u00e4ngd<\/td>\n<td data-start=\"2395\" data-end=\"2405\" data-col-size=\"sm\">120 cm<\/td>\n<\/tr>\n<tr data-start=\"2406\" data-end=\"2424\">\n<td data-start=\"2406\" data-end=\"2415\" data-col-size=\"sm\">Bredd<\/td>\n<td data-col-size=\"sm\" data-start=\"2415\" data-end=\"2424\">40 cm<\/td>\n<\/tr>\n<tr data-start=\"2425\" data-end=\"2442\">\n<td data-start=\"2425\" data-end=\"2433\" data-col-size=\"sm\">H\u00f6jd<\/td>\n<td data-col-size=\"sm\" data-start=\"2433\" data-end=\"2442\">40 cm<\/td>\n<\/tr>\n<tr data-start=\"2425\" data-end=\"2442\">\n<td data-start=\"2425\" data-end=\"2433\" data-col-size=\"sm\">Vikt<\/td>\n<td data-col-size=\"sm\" data-start=\"2433\" data-end=\"2442\">63 kg<\/td>\n<\/tr>\n<tr data-start=\"2443\" data-end=\"2474\">\n<td data-start=\"2443\" data-end=\"2455\" data-col-size=\"sm\">Material<\/td>\n<td data-start=\"2455\" data-end=\"2474\" data-col-size=\"sm\">5 mm Cortenst\u00e5l<\/td>\n<\/tr>\n<tr data-start=\"2475\" data-end=\"2527\">\n<td data-start=\"2475\" data-end=\"2483\" data-col-size=\"sm\">F\u00e4rg<\/td>\n<td data-col-size=\"sm\" data-start=\"2483\" data-end=\"2527\">Rostbrun patina (utvecklas naturligt)<\/td>\n<\/tr>\n<tr data-start=\"2528\" data-end=\"2562\">\n<td data-start=\"2528\" data-end=\"2535\" data-col-size=\"sm\">Avlopp<\/td>\n<td data-col-size=\"sm\" data-start=\"2535\" data-end=\"2562\">Ja, dr\u00e4neringsh\u00e5l i botten<\/td>\n<\/tr>\n<tr data-start=\"2563\" data-end=\"2588\">\n<td data-start=\"2563\" data-end=\"2576\" data-col-size=\"sm\">Hur man anv\u00e4nder<\/td>\n<td data-col-size=\"sm\" data-start=\"2576\" data-end=\"2588\">Friluftsliv<\/td>\n<\/tr>\n<tr data-start=\"2589\" data-end=\"2622\">\n<td data-start=\"2589\" data-end=\"2602\" data-col-size=\"sm\">Produktion<\/td>\n<td data-col-size=\"sm\" data-start=\"2602\" data-end=\"2622\">Danskt producerad<\/td>\n<\/tr>\n<tr data-start=\"2623\" data-end=\"2664\">\n<td data-start=\"2623\" data-end=\"2641\" data-col-size=\"sm\">Underh\u00e5ll<\/td>\n<td data-col-size=\"sm\" data-start=\"2641\" data-end=\"2664\">Underh\u00e5llsfri<\/td>\n<\/tr>\n<\/tbody>\n<\/table>\n<\/div>\n<\/div>\n<div class=\"TyagGW_tableContainer\">\n<div class=\"group TyagGW_tableWrapper flex flex-col-reverse w-fit\" tabindex=\"-1\"><\/div>\n<\/div>\n<p class=\"\" data-start=\"1616\" data-end=\"1763\"><strong data-start=\"1616\" data-end=\"1629\">Leverans:<\/strong>\u00a0Varan skickas direkt fr\u00e5n fj\u00e4rrlagret.\u00a0<br data-start=\"1710\" data-end=\"1713\" \/><strong data-start=\"1713\" data-end=\"1724\">Anteckningar:<\/strong>\u00a0Levereras direkt till din hemadress.<\/p>\n<p class=\"\" data-start=\"1765\" data-end=\"1865\"><em data-start=\"1765\" data-end=\"1865\">Vill du veta hur du f\u00e5r ut mesta m\u00f6jliga av dina planteringsk\u00e4rl? Kolla in v\u00e5r\u00a0<strong><a href=\"https:\/\/plantelys.dk\/plantekasser-step-by-step-guide\/\" target=\"_blank\" rel=\"noopener\">detaljerad guide<\/a><\/strong>.<\/em><\/p>","protected":false},"excerpt":{"rendered":"<div class=\"flex flex-grow flex-col max-w-full\">\n<div class=\"min-h-[20px] text-message flex flex-col items-start gap-3 whitespace-pre-wrap break-words [.text-message+&amp;]:mt-5 overflow-x-auto\" data-message-author-role=\"assistant\" data-message-id=\"3d309ce8-d1c7-4894-9714-822dd2fa53f1\">\n<div class=\"markdown prose w-full break-words dark:prose-invert light\">\n<p data-start=\"4692\" data-end=\"4865\"><strong>Danskproduceret<\/strong>\u00a0plantekumme i\u00a0<strong>5 mm Corten st\u00e5l<\/strong>\u00a0med ekstrem holdbarhed og et eksklusivt rustpatineret udtryk. Ideel til moderne haver og professionelle uderum.<\/p>\n<\/div>\n<\/div>\n<\/div>\n<div class=\"mt-1 flex justify-start gap-3 empty:hidden\">\n<div class=\"text-gray-400 flex self-end lg:self-center justify-center lg:justify-start mt-0 -ml-1 h-7 visible\">\n<div class=\"flex\">\n<p>Kun til hjemmeadresse.<\/p>\n<\/div>\n<\/div>\n<\/div>\n","protected":false},"featured_media":19982,"comment_status":"open","ping_status":"closed","template":"","meta":{"_acf_changed":false},"product_brand":[],"product_cat":[1635],"product_tag":[],"class_list":{"0":"post-19918","1":"product","2":"type-product","3":"status-publish","4":"has-post-thumbnail","6":"product_cat-plantekasser-til-have-og-terrassen","8":"entry","9":"has-media","11":"first","12":"instock","13":"taxable","14":"shipping-taxable","15":"purchasable","16":"product-type-simple","17":"has-product-nav","18":"col","19":"span_1_of_4","20":"owp-content-center","21":"owp-thumbs-layout-horizontal","22":"owp-btn-normal","23":"owp-tabs-layout-horizontal"},"acf":[],"_links":{"self":[{"href":"https:\/\/www.sunflux.dk\/sv\/wp-json\/wp\/v2\/product\/19918","targetHints":{"allow":["GET"]}}],"collection":[{"href":"https:\/\/www.sunflux.dk\/sv\/wp-json\/wp\/v2\/product"}],"about":[{"href":"https:\/\/www.sunflux.dk\/sv\/wp-json\/wp\/v2\/types\/product"}],"replies":[{"embeddable":true,"href":"https:\/\/www.sunflux.dk\/sv\/wp-json\/wp\/v2\/comments?post=19918"}],"version-history":[{"count":0,"href":"https:\/\/www.sunflux.dk\/sv\/wp-json\/wp\/v2\/product\/19918\/revisions"}],"wp:featuredmedia":[{"embeddable":true,"href":"https:\/\/www.sunflux.dk\/sv\/wp-json\/wp\/v2\/media\/19982"}],"wp:attachment":[{"href":"https:\/\/www.sunflux.dk\/sv\/wp-json\/wp\/v2\/media?parent=19918"}],"wp:term":[{"taxonomy":"product_brand","embeddable":true,"href":"https:\/\/www.sunflux.dk\/sv\/wp-json\/wp\/v2\/product_brand?post=19918"},{"taxonomy":"product_cat","embeddable":true,"href":"https:\/\/www.sunflux.dk\/sv\/wp-json\/wp\/v2\/product_cat?post=19918"},{"taxonomy":"product_tag","embeddable":true,"href":"https:\/\/www.sunflux.dk\/sv\/wp-json\/wp\/v2\/product_tag?post=19918"}],"curies":[{"name":"wp","href":"https:\/\/api.w.org\/{rel}","templated":true}]}}